{"id":64,"date":"2021-03-15T01:26:04","date_gmt":"2021-03-14T22:26:04","guid":{"rendered":"http:\/\/www.pynar.org\/tr\/?page_id=64"},"modified":"2022-10-10T20:15:30","modified_gmt":"2022-10-10T17:15:30","slug":"indirin","status":"publish","type":"page","link":"https:\/\/www.pynar.org\/tr\/indirin\/","title":{"rendered":"\u0130ndirin"},"content":{"rendered":"<ul>\n<li style=\"text-align: left;\">PyNar S\u00fcr\u00fcm 29.09.2022<\/li>\n<\/ul>\n<table style=\"width: 100%;\">\n<tbody>\n<tr>\n<td style=\"text-align: left; width: 88.6149%;\">Windows 7,8,10 veya 11 i\u00e7in Kurulum Dosyas\u0131 (64 Bit) (*)<\/p>\n<p><span style=\"font-size: 12px;\">* Kurulum paketinin i\u00e7inde Python 3.10 Kurulum dosyas\u0131 da vard\u0131r. E\u011fer bilgisayar\u0131n\u0131zda Python y\u00fckl\u00fc de\u011filse veya bilgisayar\u0131n\u0131zdaki y\u00fckl\u00fc Python s\u00fcr\u00fcm\u00fcn\u00fc kullanmak istemiyorsan\u0131z kurulum paketindeki Python s\u00fcr\u00fcm\u00fcn\u00fc kullanman\u0131z tavsiye edilir.<\/span><\/p>\n<p><span style=\"font-size: 12px;\">Windows 7&#8217;den daha eski s\u00fcr\u00fcmler desteklenmez.<\/span><br \/>\n<a class=\"button\" href=\"https:\/\/www.pynar.org\/releases\/setup\/SETUP_PyNarEditorKurulum_23092022.exe\">\u0130ndir<\/a><\/td>\n<\/tr>\n<tr>\n<td style=\"text-align: left; width: 88.6149%;\">PARDUS, Ubuntu, Mint, Debian i\u00e7in DEB paketi<\/p>\n<p><span style=\"font-size: 12px;\">En d\u00fc\u015f\u00fck Pardus 21 , Ubuntu 20.04 veya Debian 10 veya 11 Gereklidir.<\/span><\/p>\n<p><span style=\"font-size: 12px;\">Pardus,Ubuntu,Mint,Debian i\u015fletim sistemleri i\u00e7inde Python yorumlay\u0131c\u0131 standart olarak geldi\u011fi i\u00e7in Kurulum paketine dahil edilmemi\u015ftir.\u00a0<\/span><\/p>\n<p><a class=\"button\" href=\"https:\/\/www.pynar.org\/releases\/setup\/pynar.deb\">\u0130ndir<\/a><\/td>\n<\/tr>\n<\/tbody>\n<\/table>\n<p>Hata Bildirimi<span style=\"font-size: 12px;\"><br \/>\nPyNar Edit\u00f6r Kullan\u0131m\u0131 s\u0131ras\u0131nda kar\u015f\u0131la\u015ft\u0131\u011f\u0131n\u0131z hatalar\u0131 <a href=\"mailto:pynar.editor@yandex.com\">pynar.editor@yandex.com<\/a> e-posta adresine veya,<br \/>\nPyNar Editor github sitesinde issue olarak bildirebilirsiniz. <a href=\"https:\/\/github.com\/pynar-editor\/pynar_editor\/issues\" target=\"_blank\" rel=\"noopener\">https:\/\/github.com\/pynar-editor\/pynar_editor\/issues<\/a><\/span><\/p>\n","protected":false},"excerpt":{"rendered":"<p>PyNar S\u00fcr\u00fcm 29.09.2022 Windows 7,8,10 veya 11 i\u00e7in Kurulum Dosyas\u0131 (64 Bit) (*) * Kurulum paketinin i\u00e7inde Python 3.10 Kurulum dosyas\u0131 da vard\u0131r. E\u011fer bilgisayar\u0131n\u0131zda Python y\u00fckl\u00fc de\u011filse veya bilgisayar\u0131n\u0131zdaki y\u00fckl\u00fc Python s\u00fcr\u00fcm\u00fcn\u00fc kullanmak istemiyorsan\u0131z kurulum paketindeki Python s\u00fcr\u00fcm\u00fcn\u00fc kullanman\u0131z tavsiye edilir. Windows 7&#8217;den daha eski s\u00fcr\u00fcmler desteklenmez. \u0130ndir PARDUS, Ubuntu, Mint, Debian i\u00e7in DEB &hellip; <a href=\"https:\/\/www.pynar.org\/tr\/indirin\/\" class=\"more-link\">Okumaya devam et <span class=\"screen-reader-text\">\u0130ndirin<\/span><\/a><\/p>\n","protected":false},"author":1,"featured_media":0,"parent":0,"menu_order":0,"comment_status":"closed","ping_status":"closed","template":"","meta":{"footnotes":""},"class_list":["post-64","page","type-page","status-publish","hentry"],"_links":{"self":[{"href":"https:\/\/www.pynar.org\/tr\/wp-json\/wp\/v2\/pages\/64","targetHints":{"allow":["GET"]}}],"collection":[{"href":"https:\/\/www.pynar.org\/tr\/wp-json\/wp\/v2\/pages"}],"about":[{"href":"https:\/\/www.pynar.org\/tr\/wp-json\/wp\/v2\/types\/page"}],"author":[{"embeddable":true,"href":"https:\/\/www.pynar.org\/tr\/wp-json\/wp\/v2\/users\/1"}],"replies":[{"embeddable":true,"href":"https:\/\/www.pynar.org\/tr\/wp-json\/wp\/v2\/comments?post=64"}],"version-history":[{"count":53,"href":"https:\/\/www.pynar.org\/tr\/wp-json\/wp\/v2\/pages\/64\/revisions"}],"predecessor-version":[{"id":386,"href":"https:\/\/www.pynar.org\/tr\/wp-json\/wp\/v2\/pages\/64\/revisions\/386"}],"wp:attachment":[{"href":"https:\/\/www.pynar.org\/tr\/wp-json\/wp\/v2\/media?parent=64"}],"curies":[{"name":"wp","href":"https:\/\/api.w.org\/{rel}","templated":true}]}}