{"id":58,"date":"2021-03-15T01:25:10","date_gmt":"2021-03-14T22:25:10","guid":{"rendered":"http:\/\/www.pynar.org\/tr\/?page_id=58"},"modified":"2021-03-25T23:33:45","modified_gmt":"2021-03-25T20:33:45","slug":"katki-saglayin","status":"publish","type":"page","link":"https:\/\/www.pynar.org\/tr\/katki-saglayin\/","title":{"rendered":"Katk\u0131 Sa\u011flay\u0131n!"},"content":{"rendered":"<div id=\"vfb-form-1\" class=\"visual-form-builder-container\"><form id=\"katilin-1\" class=\"visual-form-builder vfb-form-1 \" method=\"post\" enctype=\"multipart\/form-data\">\n\t\t\t<input type=\"hidden\" name=\"form_id\" value=\"1\" \/><fieldset class=\"vfb-fieldset vfb-fieldset-1 projeye-katilim-icin-basvuru-formu \" id=\"item-vfb-1\"><div class=\"vfb-legend\"><h3>Projeye Kat\u0131l\u0131m i\u00e7in Ba\u015fvuru Formu<\/h3><\/div><ul class=\"vfb-section vfb-section-1\"><li class=\"vfb-item vfb-item-text  \" id=\"item-vfb-5\"><label for=\"vfb-5\" class=\"vfb-desc\">Ad\u0131n\u0131z  <span class=\"vfb-required-asterisk\">*<\/span><\/label><input type=\"text\" name=\"vfb-5\" id=\"vfb-5\" value=\"\" class=\"vfb-text  vfb-medium  required  \" \/><\/li><li class=\"vfb-item vfb-item-text  \" id=\"item-vfb-6\"><label for=\"vfb-6\" class=\"vfb-desc\">Soyad\u0131n\u0131z  <span class=\"vfb-required-asterisk\">*<\/span><\/label><input type=\"text\" name=\"vfb-6\" id=\"vfb-6\" value=\"\" class=\"vfb-text  vfb-medium  required  \" \/><\/li><li class=\"vfb-item vfb-item-email  \" id=\"item-vfb-7\"><label for=\"vfb-7\" class=\"vfb-desc\">Email  <span class=\"vfb-required-asterisk\">*<\/span><\/label><input type=\"email\" name=\"vfb-7\" id=\"vfb-7\" value=\"\" class=\"vfb-text  vfb-medium  required  email \" \/><\/li><li class=\"vfb-item vfb-item-radio  \" id=\"item-vfb-8\"><label class=\"vfb-desc\">\u00d6\u011frenci Misiniz?  <span class=\"vfb-required-asterisk\">*<\/span><\/label><div><span class=\"vfb-span\"><input type=\"radio\" name=\"vfb-8\" id=\"vfb-8-1\" value=\"evet\" class=\"vfb-radio  required \" \/><label for=\"vfb-8-1\" class=\"vfb-choice\">evet<\/label><\/span><span class=\"vfb-span\"><input type=\"radio\" name=\"vfb-8\" id=\"vfb-8-2\" value=\"hay\u0131r\" class=\"vfb-radio  required \" \/><label for=\"vfb-8-2\" class=\"vfb-choice\">hay\u0131r<\/label><\/span><div style=\"clear:both\"><\/div><\/div><\/li><li class=\"vfb-item vfb-item-text  \" id=\"item-vfb-9\"><label for=\"vfb-9\" class=\"vfb-desc\">\u00d6\u011frenciyseniz Okul Ad\u0131 <\/label><span class=\"vfb-span\"><input type=\"text\" name=\"vfb-9\" id=\"vfb-9\" value=\"\" class=\"vfb-text  vfb-medium   \" \/><label>\u00d6\u011frenci de\u011filseniz bo\u015f b\u0131rakabilirsiniz.<\/label><\/span><\/li><li class=\"vfb-item vfb-item-checkbox  \" id=\"item-vfb-10\"><label class=\"vfb-desc\">Hangi konuda katk\u0131 sa\u011flayabilirsiniz? <\/label><div><span class=\"vfb-span\"><input type=\"checkbox\" name=\"vfb-10[]\" id=\"vfb-10-0\" value=\"Python ile kodlama (Pyqt5 ile)\" class=\"vfb-checkbox  \" \/><label for=\"vfb-10-0\" class=\"vfb-choice\">Python ile kodlama (Pyqt5 ile)<\/label><\/span><span class=\"vfb-span\"><input type=\"checkbox\" name=\"vfb-10[]\" id=\"vfb-10-1\" value=\"HTML +CSS ile PyNar Edit\u00f6r Help i\u00e7eri\u011fi olu\u015fturma\" class=\"vfb-checkbox  \" \/><label for=\"vfb-10-1\" class=\"vfb-choice\">HTML +CSS ile PyNar Edit\u00f6r Help i\u00e7eri\u011fi olu\u015fturma<\/label><\/span><span class=\"vfb-span\"><input type=\"checkbox\" name=\"vfb-10[]\" id=\"vfb-10-2\" value=\"PyNar Edit\u00f6r i\u00e7in ikon ve renk paleti tasar\u0131m\u0131\" class=\"vfb-checkbox  \" \/><label for=\"vfb-10-2\" class=\"vfb-choice\">PyNar Edit\u00f6r i\u00e7in ikon ve renk paleti tasar\u0131m\u0131<\/label><\/span><span class=\"vfb-span\"><input type=\"checkbox\" name=\"vfb-10[]\" id=\"vfb-10-3\" value=\"PHP+MySQL ile Pynar Bulut Entegrasyon i\u015flemleri\" class=\"vfb-checkbox  \" \/><label for=\"vfb-10-3\" class=\"vfb-choice\">PHP+MySQL ile Pynar Bulut Entegrasyon i\u015flemleri<\/label><\/span><span class=\"vfb-span\"><input type=\"checkbox\" name=\"vfb-10[]\" id=\"vfb-10-4\" value=\"Makine \u00d6\u011frenmesi ile Log Analizleri\" class=\"vfb-checkbox  \" \/><label for=\"vfb-10-4\" class=\"vfb-choice\">Makine \u00d6\u011frenmesi ile Log Analizleri<\/label><\/span><span class=\"vfb-span\"><input type=\"checkbox\" name=\"vfb-10[]\" id=\"vfb-10-5\" value=\"Di\u011fer\" class=\"vfb-checkbox  \" \/><label for=\"vfb-10-5\" class=\"vfb-choice\">Di\u011fer<\/label><\/span><div style=\"clear:both\"><\/div><\/div><\/li><li class=\"vfb-item vfb-item-textarea  \" id=\"item-vfb-11\"><label for=\"vfb-11\" class=\"vfb-desc\">Di\u011fer t\u00fcr katk\u0131 sa\u011flama <\/label><div><span class=\"vfb-span\"><label>Katk\u0131 sa\u011flayabilece\u011finiz konularda \"Di\u011fer\" se\u00e7ene\u011fini se\u00e7tiyseniz l\u00fctfen a\u00e7\u0131klay\u0131n\u0131z.<\/label><\/span><textarea name=\"vfb-11\" id=\"vfb-11\" class=\"vfb-textarea  vfb-medium  \"><\/textarea><\/div><\/li><\/ul>&nbsp;<\/fieldset><fieldset class=\"vfb-fieldset vfb-fieldset-2 verification \" id=\"item-vfb-2\" style=\"display:block\"><div class=\"vfb-legend\"><h3>Verification<\/h3><\/div><ul class=\"vfb-section vfb-section-2\"><li class=\"vfb-item vfb-item-secret\"  style=\"display:block\"><label for=\"vfb-3\" class=\"vfb-desc\">Please enter any two digits <span class=\"vfb-required-asterisk\">*<\/span><\/label><input type=\"hidden\" name=\"_vfb-secret\" value=\"vfb-3\" \/><span class=\"vfb-span\"><input type=\"text\" name=\"vfb-3\" id=\"vfb-3\" value=\"\" class=\"vfb-text  vfb-medium  required {digits:true,maxlength:2,minlength:2} \" style=\"display:block\" \/><label>Example: 12<\/label><\/span><li style=\"display:none;\"><label>This box is for spam protection - <strong>please leave it blank<\/strong>:<\/label><div><input name=\"vfb-spam\" \/><\/div><\/li>\n\t\t\t<li class=\"vfb-item vfb-item-submit\" id=\"item-vfb-4\">\n\t\t\t\t\t\t<input type=\"submit\" name=\"vfb-submit\" id=\"vfb-4\" value=\"Submit\" class=\"vfb-submit \" \/>\n\t\t\t\t\t\t<\/li><\/ul>\n\t\t\t<\/fieldset><input type=\"hidden\" name=\"_wp_http_referer\" value=\"\/tr\/wp-json\/wp\/v2\/pages\/58\" \/><\/form><\/div> <!-- .visual-form-builder-container -->\n","protected":false},"excerpt":{"rendered":"","protected":false},"author":1,"featured_media":0,"parent":0,"menu_order":0,"comment_status":"closed","ping_status":"closed","template":"","meta":{"footnotes":""},"class_list":["post-58","page","type-page","status-publish","hentry"],"_links":{"self":[{"href":"https:\/\/www.pynar.org\/tr\/wp-json\/wp\/v2\/pages\/58","targetHints":{"allow":["GET"]}}],"collection":[{"href":"https:\/\/www.pynar.org\/tr\/wp-json\/wp\/v2\/pages"}],"about":[{"href":"https:\/\/www.pynar.org\/tr\/wp-json\/wp\/v2\/types\/page"}],"author":[{"embeddable":true,"href":"https:\/\/www.pynar.org\/tr\/wp-json\/wp\/v2\/users\/1"}],"replies":[{"embeddable":true,"href":"https:\/\/www.pynar.org\/tr\/wp-json\/wp\/v2\/comments?post=58"}],"version-history":[{"count":2,"href":"https:\/\/www.pynar.org\/tr\/wp-json\/wp\/v2\/pages\/58\/revisions"}],"predecessor-version":[{"id":294,"href":"https:\/\/www.pynar.org\/tr\/wp-json\/wp\/v2\/pages\/58\/revisions\/294"}],"wp:attachment":[{"href":"https:\/\/www.pynar.org\/tr\/wp-json\/wp\/v2\/media?parent=58"}],"curies":[{"name":"wp","href":"https:\/\/api.w.org\/{rel}","templated":true}]}}