{"id":56,"date":"2021-03-15T01:24:38","date_gmt":"2021-03-14T22:24:38","guid":{"rendered":"http:\/\/www.pynar.org\/tr\/?page_id=56"},"modified":"2022-05-22T22:30:53","modified_gmt":"2022-05-22T19:30:53","slug":"gelistirenler","status":"publish","type":"page","link":"https:\/\/www.pynar.org\/tr\/gelistirenler\/","title":{"rendered":"Geli\u015ftirenler"},"content":{"rendered":"<p>PyNar projesi, T\u00dcB\u0130TAK A\u00e7\u0131k Kaynak Yaz\u0131l\u0131mlar \u00c7a\u011fr\u0131 Program\u0131 kapsam\u0131nda ilan edilen \u201c1003 T\u00fcrk\u00e7e Aray\u00fcz ve Destek Sistemleri\u201d \u00e7a\u011fr\u0131s\u0131na sunulan ve kabul edilen &#8220;118E882 &#8211; Kullan\u0131c\u0131lar\u0131n hatalar\u0131n\u0131 analiz ederek diyalog tabanl\u0131 zeki etmenler ile etkile\u015fimli y\u00f6nlendirme yapabilen T\u00fcrk\u00e7e Python kod edit\u00f6r\u00fc&#8221; ba\u015fl\u0131kl\u0131 proje kapsam\u0131nda geli\u015ftirilmektedir. Bu Proje 01\/02\/2020-01\/02\/2022 tarihleri aras\u0131nda 2 y\u0131l s\u00fcreli bir bilimsel ara\u015ft\u0131rma projesidir.<\/p>\n<h3>Geli\u015ftirici Ekip<\/h3>\n<hr \/>\n<p><img loading=\"lazy\" decoding=\"async\" class=\"alignleft size-full wp-image-237\" src=\"http:\/\/www.pynar.org\/tr\/wp-content\/uploads\/2021\/03\/Turgay.jpg\" alt=\"\" width=\"115\" height=\"166\" \/><\/p>\n<p>&nbsp;<\/p>\n<p>Prof.Dr. Turgay Tugay B\u0130LG\u0130N<br \/>\nProje Y\u00fcr\u00fct\u00fcc\u00fcs\u00fc<br \/>\nBT\u00dc Bilgisayar M\u00fch. B\u00f6l\u00fcm\u00fc<\/p>\n<p>&nbsp;<\/p>\n<p>&nbsp;<\/p>\n<p><img loading=\"lazy\" decoding=\"async\" class=\"wp-image-240 alignleft\" src=\"http:\/\/www.pynar.org\/tr\/wp-content\/uploads\/2021\/03\/erdem-yavuz.jpg\" alt=\"\" width=\"115\" height=\"166\" \/><\/p>\n<p>Dr.\u00d6\u011f.\u00dcyesi Erdem YAVUZ<br \/>\nAra\u015ft\u0131rmac\u0131<br \/>\nBT\u00dc Bilgisayar M\u00fch. B\u00f6l\u00fcm\u00fc<\/p>\n<p>&nbsp;<\/p>\n<h3><\/h3>\n<h3>Bursiyerler<\/h3>\n<hr \/>\n<h4>Lisans\u00fcst\u00fc Bursiyerler<\/h4>\n<p><img loading=\"lazy\" decoding=\"async\" class=\" wp-image-248 alignleft\" src=\"http:\/\/www.pynar.org\/tr\/wp-content\/uploads\/2021\/03\/semra.jpg\" alt=\"\" width=\"116\" height=\"155\" \/><br \/>\nSemra KARADO\u011eAN<br \/>\nBT\u00dc Bilgisayar M\u00fch. Y\u00fcksek Lisans \u00d6\u011frencisi<\/p>\n<p>&nbsp;<\/p>\n<p>&nbsp;<\/p>\n<p><img loading=\"lazy\" decoding=\"async\" class=\"size-full wp-image-243 alignleft\" src=\"http:\/\/www.pynar.org\/tr\/wp-content\/uploads\/2021\/03\/aysegul.jpg\" alt=\"\" width=\"115\" height=\"135\" \/><br \/>\nAy\u015feg\u00fcl HAT\u0130PO\u011eLU<br \/>\nBT\u00dc Bilgisayar M\u00fch. Y\u00fcksek Lisans \u00d6\u011frencisi<\/p>\n<h4><\/h4>\n<h4><\/h4>\n<h4>Lisans Bursiyerleri<\/h4>\n<p><img loading=\"lazy\" decoding=\"async\" class=\"alignleft size-full wp-image-252\" src=\"http:\/\/www.pynar.org\/tr\/wp-content\/uploads\/2021\/03\/ErdoganTurpcu.jpg\" alt=\"\" width=\"115\" height=\"147\" \/><br \/>\nErdo\u011fan TURPCU<br \/>\nBT\u00dc Bilgisayar M\u00fch. 4. S\u0131n\u0131f \u00d6\u011frencisi<\/p>\n<p>&nbsp;<\/p>\n<p>&nbsp;<\/p>\n<p><img loading=\"lazy\" decoding=\"async\" class=\"size-full wp-image-254 alignleft\" src=\"http:\/\/www.pynar.org\/tr\/wp-content\/uploads\/2021\/03\/mehmetcan.jpg\" alt=\"\" width=\"116\" height=\"162\" \/><\/p>\n<p>&nbsp;<\/p>\n<p>Mehmetcan DALMAZG\u0130L<br \/>\nBT\u00dc Bilgisayar M\u00fch. 4. S\u0131n\u0131f \u00d6\u011frencisi<\/p>\n<p>&nbsp;<\/p>\n<p>&nbsp;<\/p>\n<p><img loading=\"lazy\" decoding=\"async\" class=\"size-full wp-image-256 alignleft\" src=\"http:\/\/www.pynar.org\/tr\/wp-content\/uploads\/2021\/03\/fatih-ates.jpg\" alt=\"\" width=\"118\" height=\"166\" \/><\/p>\n<p>&nbsp;<\/p>\n<p>Fatih ATE\u015e<br \/>\nBT\u00dc Bilgisayar M\u00fch. 4. S\u0131n\u0131f \u00d6\u011frencisi<\/p>\n<p>&nbsp;<\/p>\n<p>&nbsp;<\/p>\n<p><img loading=\"lazy\" decoding=\"async\" class=\" wp-image-264 alignleft\" src=\"http:\/\/www.pynar.org\/tr\/wp-content\/uploads\/2021\/03\/mustafa_sonmez.jpg\" alt=\"\" width=\"116\" height=\"155\" \/><\/p>\n<p>&nbsp;<\/p>\n<p>Mustafa S\u00d6NMEZ<br \/>\n\u0130T\u00dc Bilgisayar M\u00fch. 4. S\u0131n\u0131f \u00d6\u011frencisi<\/p>\n<p>&nbsp;<\/p>\n<p>&nbsp;<\/p>\n<p><img loading=\"lazy\" decoding=\"async\" class=\"wp-image-353 size-full alignleft\" src=\"http:\/\/www.pynar.org\/tr\/wp-content\/uploads\/2022\/02\/fatih_es.jpg\" alt=\"\" width=\"118\" height=\"166\" \/><\/p>\n<p>&nbsp;<\/p>\n<p>Fatih ES<br \/>\nBT\u00dc Bilgisayar M\u00fch. 3. S\u0131n\u0131f \u00d6\u011frencisi<\/p>\n<p>&nbsp;<\/p>\n<p>&nbsp;<\/p>\n<p><img loading=\"lazy\" decoding=\"async\" class=\"size-full wp-image-258 alignleft\" src=\"http:\/\/www.pynar.org\/tr\/wp-content\/uploads\/2021\/03\/bilgekagan.jpg\" alt=\"\" width=\"116\" height=\"143\" \/><\/p>\n<p>&nbsp;<\/p>\n<p>Bilge Ka\u011fan \u00d6ZKAN (T\u00dcB\u0130TAK-STAR Bursiyeri)<br \/>\nMarmara \u00dcniv. Elektrik-Elektronik M\u00fch. 4. S\u0131n\u0131f \u00d6\u011frencisi<\/p>\n<h3><\/h3>\n<h3><\/h3>\n<h3>Stajyerler (2021 Yaz D\u00f6nemi)<\/h3>\n<p>&nbsp;<\/p>\n<p><img loading=\"lazy\" decoding=\"async\" class=\"size-full wp-image-258 alignleft\" src=\"http:\/\/www.pynar.org\/tr\/wp-content\/uploads\/2021\/09\/selcuksan.jpg\" alt=\"\" width=\"116\" height=\"143\" \/><\/p>\n<p>Sel\u00e7uk \u015eAN<br \/>\nBT\u00dc Bilgisayar M\u00fch. 3. S\u0131n\u0131f \u00d6\u011frencisi<\/p>\n<p>&nbsp;<\/p>\n<p>&nbsp;<\/p>\n<p>&nbsp;<\/p>\n<p><img loading=\"lazy\" decoding=\"async\" class=\"size-full wp-image-258 alignleft\" src=\"http:\/\/www.pynar.org\/tr\/wp-content\/uploads\/2021\/09\/turhangezer.jpg\" alt=\"\" width=\"116\" height=\"143\" \/><\/p>\n<p>&nbsp;<\/p>\n<p>Turhan GEZER<br \/>\nBT\u00dc Bilgisayar M\u00fch. 3. S\u0131n\u0131f \u00d6\u011frencisi<\/p>\n<h3><\/h3>\n<h3><\/h3>\n<h3>G\u00f6n\u00fcll\u00fc Test Ekibi (2022 Bahar D\u00f6nemi)<\/h3>\n<ul>\n<li>Abdullah Bilgi<br \/>\nBT\u00dc Bilgisayar M\u00fchendisli\u011fi 1.s\u0131n\u0131f \u00d6\u011frencisi<\/li>\n<li>Deniz Erdem<br \/>\nBT\u00dc Bilgisayar M\u00fchendisli\u011fi 2.s\u0131n\u0131f \u00d6\u011frencisi<\/li>\n<li>Ecem \u00d6zt\u00fcrk<br \/>\nBT\u00dc Bilgisayar M\u00fchendisli\u011fi 3.s\u0131n\u0131f \u00d6\u011frencisi<\/li>\n<li>Furkan Yaylaz<br \/>\nBT\u00dc Bilgisayar M\u00fchendisli\u011fi 1.s\u0131n\u0131f \u00d6\u011frencisi<\/li>\n<li>Mehmet Emin Eraslan<br \/>\nBT\u00dc Bilgisayar M\u00fchendisli\u011fi 2.s\u0131n\u0131f \u00d6\u011frencisi<\/li>\n<li>Muhammed \u00c7a\u011fr\u0131 G\u00f6n\u00fclta\u015f<br \/>\nBT\u00dc Bilgisayar M\u00fchendisli\u011fi 1.s\u0131n\u0131f \u00d6\u011frencisi<\/li>\n<li>Muhammet Emre Do\u011fang\u00fcn<br \/>\nBT\u00dc Bilgisayar M\u00fchendisli\u011fi 1.s\u0131n\u0131f \u00d6\u011frencisi<\/li>\n<li>Saba \u00dcrg\u00fcp<br \/>\nBT\u00dc Bilgisayar M\u00fchendisli\u011fi 2.s\u0131n\u0131f \u00d6\u011frencisi<\/li>\n<li>Samet G\u00fcm\u00fc\u015f<br \/>\nBT\u00dc Bilgisayar M\u00fchendisli\u011fi 1.s\u0131n\u0131f \u00d6\u011frencisi<\/li>\n<li>Sanem co\u015fkun<br \/>\nBT\u00dc Bilgisayar M\u00fchendisli\u011fi 1.s\u0131n\u0131f \u00d6\u011frencisi<\/li>\n<li>Yunus Efe Y\u0131lmaz<br \/>\nBT\u00dc Bilgisayar M\u00fchendisli\u011fi 1.s\u0131n\u0131f \u00d6\u011frencisi<\/li>\n<\/ul>\n<p>&nbsp;<\/p>\n","protected":false},"excerpt":{"rendered":"<p>PyNar projesi, T\u00dcB\u0130TAK A\u00e7\u0131k Kaynak Yaz\u0131l\u0131mlar \u00c7a\u011fr\u0131 Program\u0131 kapsam\u0131nda ilan edilen \u201c1003 T\u00fcrk\u00e7e Aray\u00fcz ve Destek Sistemleri\u201d \u00e7a\u011fr\u0131s\u0131na sunulan ve kabul edilen &#8220;118E882 &#8211; Kullan\u0131c\u0131lar\u0131n hatalar\u0131n\u0131 analiz ederek diyalog tabanl\u0131 zeki etmenler ile etkile\u015fimli y\u00f6nlendirme yapabilen T\u00fcrk\u00e7e Python kod edit\u00f6r\u00fc&#8221; ba\u015fl\u0131kl\u0131 proje kapsam\u0131nda geli\u015ftirilmektedir. Bu Proje 01\/02\/2020-01\/02\/2022 tarihleri aras\u0131nda 2 y\u0131l s\u00fcreli bir bilimsel ara\u015ft\u0131rma &hellip; <a href=\"https:\/\/www.pynar.org\/tr\/gelistirenler\/\" class=\"more-link\">Okumaya devam et <span class=\"screen-reader-text\">Geli\u015ftirenler<\/span><\/a><\/p>\n","protected":false},"author":1,"featured_media":0,"parent":0,"menu_order":0,"comment_status":"closed","ping_status":"closed","template":"","meta":{"footnotes":""},"class_list":["post-56","page","type-page","status-publish","hentry"],"_links":{"self":[{"href":"https:\/\/www.pynar.org\/tr\/wp-json\/wp\/v2\/pages\/56","targetHints":{"allow":["GET"]}}],"collection":[{"href":"https:\/\/www.pynar.org\/tr\/wp-json\/wp\/v2\/pages"}],"about":[{"href":"https:\/\/www.pynar.org\/tr\/wp-json\/wp\/v2\/types\/page"}],"author":[{"embeddable":true,"href":"https:\/\/www.pynar.org\/tr\/wp-json\/wp\/v2\/users\/1"}],"replies":[{"embeddable":true,"href":"https:\/\/www.pynar.org\/tr\/wp-json\/wp\/v2\/comments?post=56"}],"version-history":[{"count":32,"href":"https:\/\/www.pynar.org\/tr\/wp-json\/wp\/v2\/pages\/56\/revisions"}],"predecessor-version":[{"id":379,"href":"https:\/\/www.pynar.org\/tr\/wp-json\/wp\/v2\/pages\/56\/revisions\/379"}],"wp:attachment":[{"href":"https:\/\/www.pynar.org\/tr\/wp-json\/wp\/v2\/media?parent=56"}],"curies":[{"name":"wp","href":"https:\/\/api.w.org\/{rel}","templated":true}]}}