{"id":27,"date":"2021-03-06T10:40:38","date_gmt":"2021-03-06T07:40:38","guid":{"rendered":"http:\/\/www.pynar.org\/tr\/?page_id=27"},"modified":"2022-05-06T22:11:23","modified_gmt":"2022-05-06T19:11:23","slug":"ana-sayfam","status":"publish","type":"page","link":"https:\/\/www.pynar.org\/tr\/","title":{"rendered":"Pynar Edit\u00f6r"},"content":{"rendered":"<p>PyNar, T\u00fcrkiye&#8217;nin ilk Tamamen T\u00fcrk\u00e7e aray\u00fcze sahip Python kod edit\u00f6r\u00fcd\u00fcr.<\/p>\n<p>PyNar Edit\u00f6r\u00fc T\u00dcB\u0130TAK A\u00e7\u0131k Kaynak Yaz\u0131l\u0131mlar \u00c7a\u011fr\u0131 Program\u0131<br \/>\n\u201c1003 T\u00fcrk\u00e7e Aray\u00fcz ve Destek Sistemleri&#8221; \u00e7a\u011fr\u0131s\u0131 kapsam\u0131nda geli\u015ftirilmektedir.<\/p>\n<p>PyNar, bir kod edit\u00f6r\u00fc olmas\u0131n\u0131n yan\u0131 s\u0131ra Entegre bir Chatbot&#8217;a sahiptir. Chatbot, makine \u00f6\u011frenmesi destekli olup kullan\u0131c\u0131n\u0131n hatalar\u0131nda d\u00fczeltme \u00f6nerileri sunmaktad\u0131r. <a href=\"ozellikler\">Devam\u0131 &#8230;<\/a><\/p>\n<div class=\"gdc_row\"><div class=\"gdc_column gdc_cquarter\"><div class=\"gdc_inner\"><br \/>\n<a class=\"button-minimal\" href=\"indirin\">\u0130ndirin<\/a><br \/>\n<\/div><\/div><div class=\"gdc_column gdc_chalf\"><div class=\"gdc_inner\"><br \/>\n<a class=\"button-minimal\" href=\"..\/portal\">PyNar Portal<\/a><br \/>\n<\/div><\/div><\/div>\n<p>&nbsp;<\/p>\n","protected":false},"excerpt":{"rendered":"<p>PyNar, T\u00fcrkiye&#8217;nin ilk Tamamen T\u00fcrk\u00e7e aray\u00fcze sahip Python kod edit\u00f6r\u00fcd\u00fcr. PyNar Edit\u00f6r\u00fc T\u00dcB\u0130TAK A\u00e7\u0131k Kaynak Yaz\u0131l\u0131mlar \u00c7a\u011fr\u0131 Program\u0131 \u201c1003 T\u00fcrk\u00e7e Aray\u00fcz ve Destek Sistemleri&#8221; \u00e7a\u011fr\u0131s\u0131 kapsam\u0131nda geli\u015ftirilmektedir. PyNar, bir kod edit\u00f6r\u00fc olmas\u0131n\u0131n yan\u0131 s\u0131ra Entegre bir Chatbot&#8217;a sahiptir. Chatbot, makine \u00f6\u011frenmesi destekli olup kullan\u0131c\u0131n\u0131n hatalar\u0131nda d\u00fczeltme \u00f6nerileri sunmaktad\u0131r. Devam\u0131 &#8230; &nbsp;<\/p>\n","protected":false},"author":1,"featured_media":374,"parent":0,"menu_order":0,"comment_status":"closed","ping_status":"closed","template":"page-templates\/front-page.php","meta":{"footnotes":""},"class_list":["post-27","page","type-page","status-publish","has-post-thumbnail","hentry"],"_links":{"self":[{"href":"https:\/\/www.pynar.org\/tr\/wp-json\/wp\/v2\/pages\/27","targetHints":{"allow":["GET"]}}],"collection":[{"href":"https:\/\/www.pynar.org\/tr\/wp-json\/wp\/v2\/pages"}],"about":[{"href":"https:\/\/www.pynar.org\/tr\/wp-json\/wp\/v2\/types\/page"}],"author":[{"embeddable":true,"href":"https:\/\/www.pynar.org\/tr\/wp-json\/wp\/v2\/users\/1"}],"replies":[{"embeddable":true,"href":"https:\/\/www.pynar.org\/tr\/wp-json\/wp\/v2\/comments?post=27"}],"version-history":[{"count":28,"href":"https:\/\/www.pynar.org\/tr\/wp-json\/wp\/v2\/pages\/27\/revisions"}],"predecessor-version":[{"id":373,"href":"https:\/\/www.pynar.org\/tr\/wp-json\/wp\/v2\/pages\/27\/revisions\/373"}],"wp:featuredmedia":[{"embeddable":true,"href":"https:\/\/www.pynar.org\/tr\/wp-json\/wp\/v2\/media\/374"}],"wp:attachment":[{"href":"https:\/\/www.pynar.org\/tr\/wp-json\/wp\/v2\/media?parent=27"}],"curies":[{"name":"wp","href":"https:\/\/api.w.org\/{rel}","templated":true}]}}