{"id":108,"date":"2021-03-21T00:07:46","date_gmt":"2021-03-20T21:07:46","guid":{"rendered":"http:\/\/www.pynar.org\/tr\/?page_id=108"},"modified":"2022-05-15T17:35:41","modified_gmt":"2022-05-15T14:35:41","slug":"ozellikler","status":"publish","type":"page","link":"https:\/\/www.pynar.org\/tr\/ozellikler\/","title":{"rendered":"Nas\u0131l Kullan\u0131l\u0131r?"},"content":{"rendered":"<p>PyNar Edit\u00f6r Kullan\u0131m k\u0131lavuzu: <a href=\"https:\/\/www.pynar.org\/help\/\" target=\"_blank\" rel=\"noopener\">https:\/\/www.pynar.org\/help\/<\/a><\/p>\n","protected":false},"excerpt":{"rendered":"<p>PyNar Edit\u00f6r Kullan\u0131m k\u0131lavuzu: https:\/\/www.pynar.org\/help\/<\/p>\n","protected":false},"author":1,"featured_media":0,"parent":0,"menu_order":0,"comment_status":"closed","ping_status":"closed","template":"","meta":{"footnotes":""},"class_list":["post-108","page","type-page","status-publish","hentry"],"_links":{"self":[{"href":"https:\/\/www.pynar.org\/tr\/wp-json\/wp\/v2\/pages\/108","targetHints":{"allow":["GET"]}}],"collection":[{"href":"https:\/\/www.pynar.org\/tr\/wp-json\/wp\/v2\/pages"}],"about":[{"href":"https:\/\/www.pynar.org\/tr\/wp-json\/wp\/v2\/types\/page"}],"author":[{"embeddable":true,"href":"https:\/\/www.pynar.org\/tr\/wp-json\/wp\/v2\/users\/1"}],"replies":[{"embeddable":true,"href":"https:\/\/www.pynar.org\/tr\/wp-json\/wp\/v2\/comments?post=108"}],"version-history":[{"count":12,"href":"https:\/\/www.pynar.org\/tr\/wp-json\/wp\/v2\/pages\/108\/revisions"}],"predecessor-version":[{"id":376,"href":"https:\/\/www.pynar.org\/tr\/wp-json\/wp\/v2\/pages\/108\/revisions\/376"}],"wp:attachment":[{"href":"https:\/\/www.pynar.org\/tr\/wp-json\/wp\/v2\/media?parent=108"}],"curies":[{"name":"wp","href":"https:\/\/api.w.org\/{rel}","templated":true}]}}